{"id":2673,"date":"2021-10-12T12:51:29","date_gmt":"2021-10-12T12:51:30","guid":{"rendered":"https:\/\/verdello.be\/?post_type=product&#038;p=2673"},"modified":"2021-10-12T13:22:11","modified_gmt":"2021-10-12T13:22:11","slug":"pack-premium","status":"publish","type":"product","link":"https:\/\/verdello.be\/fr\/produkt\/pack-premium\/","title":{"rendered":"Pack premium"},"content":{"rendered":"","protected":false},"excerpt":{"rendered":"<ul>\n<li>1x Ruban de masquage 25mm<\/li>\n<li>1x applicateur de surface 50mm<\/li>\n<li>1x rouleau \u00e0 peinture 18cm<\/li>\n<li>1x bac \u00e0 peinture 8L<\/li>\n<li>1x voile de protection 1x3m<\/li>\n<li>-10% d\u2019\u00e9conomies par rapport aux articles achet\u00e9s s\u00e9par\u00e9ment.<\/li>\n<\/ul>\n","protected":false},"featured_media":2675,"template":"","meta":{"_monsterinsights_skip_tracking":false,"_monsterinsights_sitenote_active":false,"_monsterinsights_sitenote_note":"","_monsterinsights_sitenote_category":0},"product_brand":[],"product_cat":[331],"product_tag":[],"class_list":{"0":"post-2673","1":"product","2":"type-product","3":"status-publish","4":"has-post-thumbnail","6":"product_cat-14-equipement","7":"product_shipping_class-livraison-fr","9":"first","10":"instock","11":"taxable","12":"shipping-taxable","13":"purchasable","14":"product-type-simple"},"aioseo_notices":[],"_links":{"self":[{"href":"https:\/\/verdello.be\/fr\/wp-json\/wp\/v2\/product\/2673"}],"collection":[{"href":"https:\/\/verdello.be\/fr\/wp-json\/wp\/v2\/product"}],"about":[{"href":"https:\/\/verdello.be\/fr\/wp-json\/wp\/v2\/types\/product"}],"wp:featuredmedia":[{"embeddable":true,"href":"https:\/\/verdello.be\/fr\/wp-json\/wp\/v2\/media\/2675"}],"wp:attachment":[{"href":"https:\/\/verdello.be\/fr\/wp-json\/wp\/v2\/media?parent=2673"}],"wp:term":[{"taxonomy":"product_brand","embeddable":true,"href":"https:\/\/verdello.be\/fr\/wp-json\/wp\/v2\/product_brand?post=2673"},{"taxonomy":"product_cat","embeddable":true,"href":"https:\/\/verdello.be\/fr\/wp-json\/wp\/v2\/product_cat?post=2673"},{"taxonomy":"product_tag","embeddable":true,"href":"https:\/\/verdello.be\/fr\/wp-json\/wp\/v2\/product_tag?post=2673"}],"curies":[{"name":"wp","href":"https:\/\/api.w.org\/{rel}","templated":true}]}}