{"id":2647,"date":"2021-10-12T12:44:50","date_gmt":"2021-10-12T12:44:51","guid":{"rendered":"https:\/\/verdello.be\/?post_type=product&#038;p=2647"},"modified":"2021-10-12T13:17:29","modified_gmt":"2021-10-12T13:17:29","slug":"ruban-adhesif","status":"publish","type":"product","link":"https:\/\/verdello.be\/fr\/produkt\/ruban-adhesif\/","title":{"rendered":"Ruban adh\u00e9sif de masquage en papier cr\u00eap\u00e9"},"content":{"rendered":"","protected":false},"excerpt":{"rendered":"<p>25mm<\/p>\n","protected":false},"featured_media":2649,"template":"","meta":{"_monsterinsights_skip_tracking":false,"_monsterinsights_sitenote_active":false,"_monsterinsights_sitenote_note":"","_monsterinsights_sitenote_category":0},"product_brand":[],"product_cat":[331],"product_tag":[],"class_list":{"0":"post-2647","1":"product","2":"type-product","3":"status-publish","4":"has-post-thumbnail","6":"product_cat-14-equipement","7":"product_shipping_class-livraison-fr","9":"first","10":"instock","11":"taxable","12":"shipping-taxable","13":"purchasable","14":"product-type-simple"},"aioseo_notices":[],"_links":{"self":[{"href":"https:\/\/verdello.be\/fr\/wp-json\/wp\/v2\/product\/2647"}],"collection":[{"href":"https:\/\/verdello.be\/fr\/wp-json\/wp\/v2\/product"}],"about":[{"href":"https:\/\/verdello.be\/fr\/wp-json\/wp\/v2\/types\/product"}],"wp:featuredmedia":[{"embeddable":true,"href":"https:\/\/verdello.be\/fr\/wp-json\/wp\/v2\/media\/2649"}],"wp:attachment":[{"href":"https:\/\/verdello.be\/fr\/wp-json\/wp\/v2\/media?parent=2647"}],"wp:term":[{"taxonomy":"product_brand","embeddable":true,"href":"https:\/\/verdello.be\/fr\/wp-json\/wp\/v2\/product_brand?post=2647"},{"taxonomy":"product_cat","embeddable":true,"href":"https:\/\/verdello.be\/fr\/wp-json\/wp\/v2\/product_cat?post=2647"},{"taxonomy":"product_tag","embeddable":true,"href":"https:\/\/verdello.be\/fr\/wp-json\/wp\/v2\/product_tag?post=2647"}],"curies":[{"name":"wp","href":"https:\/\/api.w.org\/{rel}","templated":true}]}}