{"id":2640,"date":"2021-10-12T12:40:11","date_gmt":"2021-10-12T12:40:12","guid":{"rendered":"https:\/\/verdello.be\/?post_type=product&#038;p=2640"},"modified":"2021-10-12T13:15:59","modified_gmt":"2021-10-12T13:15:59","slug":"pack-standard","status":"publish","type":"product","link":"https:\/\/verdello.be\/fr\/produkt\/pack-standard\/","title":{"rendered":"Pack Standard"},"content":{"rendered":"","protected":false},"excerpt":{"rendered":"<ul>\n<li>1x ruban adh\u00e9sif cr\u00eap\u00e9 25m<\/li>\n<li>1x pinceau multi-usages 50mm<\/li>\n<li>1x rouleau \u00e0 peinture 18cm<\/li>\n<li>1x bac \u00e0 peinture<\/li>\n<li>-10% d\u2019\u00e9conomies par rapport aux articles achet\u00e9s s\u00e9par\u00e9ment.<\/li>\n<\/ul>\n","protected":false},"featured_media":2643,"template":"","meta":{"_monsterinsights_skip_tracking":false,"_monsterinsights_sitenote_active":false,"_monsterinsights_sitenote_note":"","_monsterinsights_sitenote_category":0},"product_brand":[],"product_cat":[331],"product_tag":[],"class_list":{"0":"post-2640","1":"product","2":"type-product","3":"status-publish","4":"has-post-thumbnail","6":"product_cat-14-equipement","7":"product_shipping_class-livraison-fr","9":"first","10":"instock","11":"taxable","12":"shipping-taxable","13":"purchasable","14":"product-type-simple"},"aioseo_notices":[],"_links":{"self":[{"href":"https:\/\/verdello.be\/fr\/wp-json\/wp\/v2\/product\/2640"}],"collection":[{"href":"https:\/\/verdello.be\/fr\/wp-json\/wp\/v2\/product"}],"about":[{"href":"https:\/\/verdello.be\/fr\/wp-json\/wp\/v2\/types\/product"}],"wp:featuredmedia":[{"embeddable":true,"href":"https:\/\/verdello.be\/fr\/wp-json\/wp\/v2\/media\/2643"}],"wp:attachment":[{"href":"https:\/\/verdello.be\/fr\/wp-json\/wp\/v2\/media?parent=2640"}],"wp:term":[{"taxonomy":"product_brand","embeddable":true,"href":"https:\/\/verdello.be\/fr\/wp-json\/wp\/v2\/product_brand?post=2640"},{"taxonomy":"product_cat","embeddable":true,"href":"https:\/\/verdello.be\/fr\/wp-json\/wp\/v2\/product_cat?post=2640"},{"taxonomy":"product_tag","embeddable":true,"href":"https:\/\/verdello.be\/fr\/wp-json\/wp\/v2\/product_tag?post=2640"}],"curies":[{"name":"wp","href":"https:\/\/api.w.org\/{rel}","templated":true}]}}