{"id":907,"date":"2019-03-22T08:43:45","date_gmt":"2019-03-22T08:43:45","guid":{"rendered":"https:\/\/verdello.be\/?page_id=907"},"modified":"2020-01-23T14:21:54","modified_gmt":"2020-01-23T14:21:54","slug":"verdello","status":"publish","type":"page","link":"https:\/\/verdello.be\/fr\/verdello\/","title":{"rendered":"Verdello"},"content":{"rendered":"\t<div class=\"img has-hover x md-x lg-x y md-y lg-y\" id=\"image_1071333050\">\n\t\t\t\t\t\t\t\t<div class=\"img-inner dark\" >\n\t\t\t<img loading=\"lazy\" decoding=\"async\" width=\"1020\" height=\"680\" src=\"https:\/\/verdello.be\/wp-content\/uploads\/2018\/02\/Robin-verdello-farben-1024x683.jpg\" class=\"attachment-large size-large\" alt=\"\" srcset=\"https:\/\/verdello.be\/wp-content\/uploads\/2018\/02\/Robin-verdello-farben.jpg 1024w, https:\/\/verdello.be\/wp-content\/uploads\/2018\/02\/Robin-verdello-farben-510x340.jpg 510w, https:\/\/verdello.be\/wp-content\/uploads\/2018\/02\/Robin-verdello-farben-300x200.jpg 300w, https:\/\/verdello.be\/wp-content\/uploads\/2018\/02\/Robin-verdello-farben-768x512.jpg 768w\" sizes=\"(max-width: 1020px) 100vw, 1020px\" \/>\t\t\t\t\t\t\n\t\t\t\t\t<\/div>\n\t\t\t\t\t\t\t\t\n<style>\n#image_1071333050 {\n  width: 100%;\n}\n<\/style>\n\t<\/div>\n\t\n<div class=\"row\"  id=\"row-1227678517\">\n\n\t<div id=\"col-1576320216\" class=\"col small-12 large-12\"  >\n\t\t\t\t<div class=\"col-inner\"  >\n\t\t\t\n\t\t\t\n\t<div id=\"gap-2106954640\" class=\"gap-element clearfix\" style=\"display:block; height:auto;\">\n\t\t\n<style>\n#gap-2106954640 {\n  padding-top: 30px;\n}\n<\/style>\n\t<\/div>\n\t\n<h2 style=\"text-align: center;\">Verdello est une peinture 100% bio-sourc\u00e9e et \u00e9cologique sans polluants.<\/h2>\n\t\t<\/div>\n\t\t\t\t\t<\/div>\n\n\t\n<\/div>\n<h3 class=\"accordion_title\">FAQ<\/h3><div class=\"accordion\">\n\t<div id=\"accordion-1303600679\" class=\"accordion-item\">\n\t\t<a id=\"accordion-1303600679-label\" class=\"accordion-title plain\" href=\"#accordion-item-qu&#039;est-ce-que-verdello\u00ae-?\" aria-expanded=\"false\" aria-controls=\"accordion-1303600679-content\">\n\t\t\t<button class=\"toggle\" aria-label=\"Basculer\"><i class=\"icon-angle-down\" aria-hidden=\"true\"><\/i><\/button>\n\t\t\t<span>Qu'est-ce que Verdello\u00ae ?<\/span>\n\t\t<\/a>\n\t\t<div id=\"accordion-1303600679-content\" class=\"accordion-inner\" aria-labelledby=\"accordion-1303600679-label\">\n\t\t\t\n<p style=\"text-align: justify;\">Verdello\u00ae est une peinture 100% biosourc\u00e9e, la premi\u00e8re de notre gamme Robingreen\u00ae. C&rsquo;est une peinture murale int\u00e9rieure extra mate. Fabriqu\u00e9e \u00e0 partir d&rsquo;huile de Tall, Verdello\u00ae est une peinture issue du monde v\u00e9g\u00e9tale, enti\u00e8rement naturelle.<\/p>\n\t\t<\/div>\n\t<\/div>\n\t\n\t<div id=\"accordion-3931903649\" class=\"accordion-item\">\n\t\t<a id=\"accordion-3931903649-label\" class=\"accordion-title plain\" href=\"#accordion-item-qu&#039;est-ce-qu&#039;une-peinture-biosourc\u00e9e-?\" aria-expanded=\"false\" aria-controls=\"accordion-3931903649-content\">\n\t\t\t<button class=\"toggle\" aria-label=\"Basculer\"><i class=\"icon-angle-down\" aria-hidden=\"true\"><\/i><\/button>\n\t\t\t<span>Qu'est-ce qu'une peinture biosourc\u00e9e ?<\/span>\n\t\t<\/a>\n\t\t<div id=\"accordion-3931903649-content\" class=\"accordion-inner\" aria-labelledby=\"accordion-3931903649-label\">\n\t\t\t\n<p>Les peintures acryliques et glyc\u00e9ros classiques actuelles contiennent des r\u00e9sines issues de la p\u00e9trochimie. Les \u00e9volutions sur le march\u00e9 des mati\u00e8res premi\u00e8res dans les ann\u00e9es 2010, avec des p\u00e9nuries sur certaines mati\u00e8res premi\u00e8res \u00e0 base de p\u00e9trole, ainsi que la hausse continuelle des prix du p\u00e9trole incitent la recherche \u00e0 s&rsquo;orienter vers la chimie du v\u00e9g\u00e9tal pour obtenir des peintures utilisant des ressources renouvelables telles que des r\u00e9sines alkydes biosourc\u00e9es ou les huiles v\u00e9g\u00e9tales polym\u00e9ris\u00e9es (lin, tall, tournesol\u2026) Une peinture est consid\u00e9r\u00e9e comme biosourc\u00e9e si elle contient au moins 95% de composants organiques issus du v\u00e9g\u00e9tal.<\/p>\n\t\t<\/div>\n\t<\/div>\n\t\n\t<div id=\"accordion-1937515414\" class=\"accordion-item\">\n\t\t<a id=\"accordion-1937515414-label\" class=\"accordion-title plain\" href=\"#accordion-item-qu&#039;en-est-il-de-verdello\u00ae-?\" aria-expanded=\"false\" aria-controls=\"accordion-1937515414-content\">\n\t\t\t<button class=\"toggle\" aria-label=\"Basculer\"><i class=\"icon-angle-down\" aria-hidden=\"true\"><\/i><\/button>\n\t\t\t<span>Qu'en est-il de Verdello\u00ae ?<\/span>\n\t\t<\/a>\n\t\t<div id=\"accordion-1937515414-content\" class=\"accordion-inner\" aria-labelledby=\"accordion-1937515414-label\">\n\t\t\t\n<p>Verdello\u00ae est une peinture 100% biosourc\u00e9e qui offre, en outre, les m\u00eames propri\u00e9t\u00e9s technico-physiques que celles des peintures classiques de type acrylique. Ses performances sont caract\u00e9ristiques d&rsquo;une peinture murale de haute qualit\u00e9 puisqu&rsquo;elle s&rsquo;applique ais\u00e9ment, pr\u00e9sente un s\u00e9chage r\u00e9gulier et une bonne blancheur. L&rsquo;entretien est ais\u00e9 puisque Verdello\u00ae est lavable et lessivable. Cette nouvelle peinture, fabriqu\u00e9es \u00e0 partir de ressources principalement v\u00e9g\u00e9tales, renouvelables et non-toxiques, remplit toutes les normes actuellement en vigueur comme REACH. Elle ne contient aucun VOC (0g.\/l), aucun APEO ni-cosolvants. Elle est donc particuli\u00e8rement respectueuse de l&rsquo;environnement et de votre sant\u00e9.<\/p>\n\t\t<\/div>\n\t<\/div>\n\t\n\t<div id=\"accordion-2575032612\" class=\"accordion-item\">\n\t\t<a id=\"accordion-2575032612-label\" class=\"accordion-title plain\" href=\"#accordion-item-warum-solpourquoi-utiliser-une-peinture-telle-que-verdello\u00ae-?lte-man-eine-farbe-wie-verdello\u00ae-verwenden?\" aria-expanded=\"false\" aria-controls=\"accordion-2575032612-content\">\n\t\t\t<button class=\"toggle\" aria-label=\"Basculer\"><i class=\"icon-angle-down\" aria-hidden=\"true\"><\/i><\/button>\n\t\t\t<span>Warum solPourquoi utiliser une peinture telle que Verdello\u00ae ?lte man eine Farbe wie Verdello\u00ae verwenden?<\/span>\n\t\t<\/a>\n\t\t<div id=\"accordion-2575032612-content\" class=\"accordion-inner\" aria-labelledby=\"accordion-2575032612-label\">\n\t\t\t\n<p>Les \u00e9tudes actuelles montrent toutes que les espaces clos dans lesquels nous vivons pr\u00e9sentent des quantit\u00e9s \u00e9lev\u00e9es de polluants chimiques dans l&rsquo;air.<\/p>\n<p>Si les sources de pollution sont tr\u00e8s vari\u00e9es, peintures, colles, meubles et rev\u00eatements de sol sont largement mis en cause dans ces rapports sur les risques et les dangers d&rsquo;une trop grande pollution int\u00e9rieure.<\/p>\n<p>Les r\u00e9sultats de la derni\u00e8re \u00e9tude sont extr\u00eamement alarmants du point de vue des risques de sant\u00e9 publique. Ils d\u00e9montrent qu&rsquo;il est primordial de faire le choix de produits de d\u00e9coration et de finition \u00e9cologiques, plus respectueux de la sant\u00e9 et de l&rsquo;environnement, capable de se substituer \u00e0 des produits conventionnels en grande partie responsables de ces pollutions.<\/p>\n<p><b>Verdello\u00ae est une peinture respectueuse de votre sant\u00e9<\/b> : Il a \u00e9t\u00e9 d\u00e9montr\u00e9 par un institut de recherche ind\u00e9pendant que cette peinture n&rsquo;a aucune \u00e9mission ni dans l&rsquo;air ni dans l&rsquo;eau, ni dans le sol. La valeur COV* est de <b>z\u00e9ro<\/b>.<\/p>\n<p>Elle a donc un impact plus que limit\u00e9 sur la qualit\u00e9 de l&rsquo;air int\u00e9rieur, et ne pr\u00e9sente aucune toxicit\u00e9 pour l&rsquo;homme.<\/p>\n<p>Mais peindre son int\u00e9rieur avec Verdello\u00ae offre d&rsquo;autres avantages :<\/p>\n<p>&#8211; elle poss\u00e8de un tr\u00e8s grand pouvoir couvrant<br \/>\n&#8211; elle est lavable et lessivable (test\u00e9 par un institut, classe 1 suivant la norme ISO 11998 et EN13300)<br \/>\n&#8211; elle pr\u00e9sente un s\u00e9chage r\u00e9gulier<br \/>\n&#8211; facile \u00e0 appliquer<br \/>\n&#8211; elle est inodore<br \/>\n&#8211; id\u00e9ale pour les chambres des enfants<br \/>\n&#8211; a un aspect mat profond pour un int\u00e9rieur chaleureux<\/p>\n<p><i><b>*qu&rsquo;est-ce que le taux COV ?: Les compos\u00e9s organiques volatils, ou COV (VOC en anglais) <\/b><br \/>\nLa famille des compos\u00e9s organiques volatils regroupe plusieurs milliers de compos\u00e9s (hydrocarbures, solvants, &#8230;) aux caract\u00e9ristiques tr\u00e8s variables. Ils ont un impact direct sur la sant\u00e9 (certains sont toxiques ou canc\u00e9rig\u00e8nes). Ce sont des gaz et des vapeurs qui contiennent du carbone, comme les vapeurs d&rsquo;essence et des solvants. <\/i><\/p>\n<p>Remarque: Attention, il est \u00e0 noter qu&rsquo;aucun fabricant de peinture ne peut pr\u00e9senter ses produits comme peinture \u00ab bio \u00bb, les composants utilis\u00e9s pour la fabrication des peintures n&rsquo;\u00e9tant pas issues de l&rsquo;agriculture biologique.<\/p>\n<p><b>Une empreinte carbone r\u00e9duite au minimum<\/b> : Verdello\u00ae est \u00e9galement respectueuse de l&rsquo;environnement.<\/p>\n<p>Nos chercheurs en laboratoire, soucieux de d\u00e9velopper un produit avec une empreinte carbone minimis\u00e9e ont utilis\u00e9 des mati\u00e8res premi\u00e8res provenant toutes de sources europ\u00e9ennes, r\u00e9duisant ainsi les distances de transport.<\/p>\n<p>Tout le cycle de vie de cette peinture a \u00e9t\u00e9 con\u00e7u dans cette optique, de la fabrication dans nos usines, \u00e0 la livraison et \u00e0 la gestion des d\u00e9chets de production. Nous n&rsquo;avons pas de d\u00e9chets \u00e0 \u00e9liminer puisque tout d\u00e9chet de lavage de cuve est r\u00e9utilis\u00e9 dans le cycle de production.<\/p>\n<p>La production bas\u00e9e sur les mati\u00e8res renouvelables, l&#8217;empreinte carbone est donc \u00e9galement nettement meilleure que celle des produits de base p\u00e9trole.<\/p>\n\t\t<\/div>\n\t<\/div>\n\t\n\t<div id=\"accordion-24480278\" class=\"accordion-item\">\n\t\t<a id=\"accordion-24480278-label\" class=\"accordion-title plain\" href=\"#accordion-item-quelle-est-la-diff\u00e9rence-entre-une-peinture-naturelle,-biologique,-\u00e9cologique,-biosourc\u00e9e...-?\" aria-expanded=\"false\" aria-controls=\"accordion-24480278-content\">\n\t\t\t<button class=\"toggle\" aria-label=\"Basculer\"><i class=\"icon-angle-down\" aria-hidden=\"true\"><\/i><\/button>\n\t\t\t<span>Quelle est la diff\u00e9rence entre une peinture naturelle, biologique, \u00e9cologique, biosourc\u00e9e... ?<\/span>\n\t\t<\/a>\n\t\t<div id=\"accordion-24480278-content\" class=\"accordion-inner\" aria-labelledby=\"accordion-24480278-label\">\n\t\t\t\n<p>Ces termes, tous tr\u00e8s largement utilis\u00e9s, et ses synonymes tels que vertes, etc&#8230; renvoient tous \u00e0 la m\u00eame notion de peinture respectueuse de l&rsquo;environnement, de la sant\u00e9, de l&rsquo;homme et si leur faible impact sur leur environnement est d\u00e9montr\u00e9, et ce \u00e0 chaque stade de son cycle de vie.<\/p>\n<p>Mais ces mots sont strictement encadr\u00e9s par la loi et ne peuvent pas \u00eatre utilis\u00e9s \u00e0 tort et \u00e0 travers : Si le produit est qualifi\u00e9 de naturel (ex : peinture naturelle), il doit contenir au moins 95 % de composants naturels.<\/p>\n\t\t<\/div>\n\t<\/div>\n\t\n\t<div id=\"accordion-275613634\" class=\"accordion-item\">\n\t\t<a id=\"accordion-275613634-label\" class=\"accordion-title plain\" href=\"#accordion-item-choix-de-couleur---verdello-est-disponible-dans-plus-de-130-nuances\" aria-expanded=\"false\" aria-controls=\"accordion-275613634-content\">\n\t\t\t<button class=\"toggle\" aria-label=\"Basculer\"><i class=\"icon-angle-down\" aria-hidden=\"true\"><\/i><\/button>\n\t\t\t<span>Choix de couleur - Verdello est disponible dans plus de 130 nuances<\/span>\n\t\t<\/a>\n\t\t<div id=\"accordion-275613634-content\" class=\"accordion-inner\" aria-labelledby=\"accordion-275613634-label\">\n\t\t\t\n<p>Un grand nombre de colorants utilis\u00e9s pour les peintures classiques acryliques contiennent du glycol. Nous avons tenu \u00e0 ce que toutes les teintes Verdello soient r\u00e9alis\u00e9es \u00e0 partir de colorants min\u00e9raux, toujours dans cet esprit d&rsquo;une peinture 100% renouvelable et non-toxique.<\/p>\n<p>Toutes les teintes ne sont donc pas r\u00e9alisables mais celles propos\u00e9es dans le nuancier Verdello\u00ae vous garantissent une peinture sans aucun VOC.<\/p>\n\t\t<\/div>\n\t<\/div>\n\t\n\t<div id=\"accordion-917193809\" class=\"accordion-item\">\n\t\t<a id=\"accordion-917193809-label\" class=\"accordion-title plain\" href=\"#accordion-item-o\u00f9-peut-on-appliquer-verdello-?\" aria-expanded=\"false\" aria-controls=\"accordion-917193809-content\">\n\t\t\t<button class=\"toggle\" aria-label=\"Basculer\"><i class=\"icon-angle-down\" aria-hidden=\"true\"><\/i><\/button>\n\t\t\t<span>O\u00f9 peut-on appliquer Verdello ?<\/span>\n\t\t<\/a>\n\t\t<div id=\"accordion-917193809-content\" class=\"accordion-inner\" aria-labelledby=\"accordion-917193809-label\">\n\t\t\t\n<p>Verdello\u00ae est une peinture de finition mate pour l&rsquo;int\u00e9rieur. Elle s&rsquo;applique sur pl\u00e2tre, plaques de pl\u00e2tre type Gyproc, briques, enduits, b\u00e9ton, fibres de verre&#8230;<\/p>\n\t\t<\/div>\n\t<\/div>\n\t\n\t<div id=\"accordion-3511826924\" class=\"accordion-item\">\n\t\t<a id=\"accordion-3511826924-label\" class=\"accordion-title plain\" href=\"#accordion-item-comment-appliquer-verdello\u00ae-?\" aria-expanded=\"false\" aria-controls=\"accordion-3511826924-content\">\n\t\t\t<button class=\"toggle\" aria-label=\"Basculer\"><i class=\"icon-angle-down\" aria-hidden=\"true\"><\/i><\/button>\n\t\t\t<span>Comment appliquer Verdello\u00ae ?<\/span>\n\t\t<\/a>\n\t\t<div id=\"accordion-3511826924-content\" class=\"accordion-inner\" aria-labelledby=\"accordion-3511826924-label\">\n\t\t\t\n<p>Verdello\u00ae est pr\u00eat \u00e0 l&#8217;emploi et s&rsquo;applique \u00e0 la brosse ou au rouleau. Nous pr\u00e9conisons pour cela notre gamme de pinceaux Futura\u00ae et pour l&rsquo;application au rouleau, notre gamme Microfaser\u00ae | Microstar\u00ae.<\/p>\n<p>Une application au pistolet est aussi possible mais la dilution doit \u00eatre adapt\u00e9e \u00e0 l&rsquo;appareil utilis\u00e9.<\/p>\n\t\t<\/div>\n\t<\/div>\n\t\n\t<div id=\"accordion-2167122673\" class=\"accordion-item\">\n\t\t<a id=\"accordion-2167122673-label\" class=\"accordion-title plain\" href=\"#accordion-item-quelle-quantit\u00e9-de-peinture-faut-il-pour-peindre-1-m\u00b2-?\" aria-expanded=\"false\" aria-controls=\"accordion-2167122673-content\">\n\t\t\t<button class=\"toggle\" aria-label=\"Basculer\"><i class=\"icon-angle-down\" aria-hidden=\"true\"><\/i><\/button>\n\t\t\t<span>Quelle quantit\u00e9 de peinture faut-il pour peindre 1 m\u00b2 ?<\/span>\n\t\t<\/a>\n\t\t<div id=\"accordion-2167122673-content\" class=\"accordion-inner\" aria-labelledby=\"accordion-2167122673-label\">\n\t\t\t\n<p>Verdello\u00ae a un rendement moyen th\u00e9orique de +\/- 10 m\u00b2 par litre. Pour peindre 1 m\u00b2, il voudra donc en 100 ml de Verdello\u00ae, en fonction \u00e9videmment du support et de sa pr\u00e9paration.<\/p>\n\t\t<\/div>\n\t<\/div>\n\t\n<\/div>\n","protected":false},"excerpt":{"rendered":"","protected":false},"author":1,"featured_media":0,"parent":0,"menu_order":3,"comment_status":"closed","ping_status":"closed","template":"","meta":{"_monsterinsights_skip_tracking":false,"_monsterinsights_sitenote_active":false,"_monsterinsights_sitenote_note":"","_monsterinsights_sitenote_category":0,"footnotes":""},"class_list":["post-907","page","type-page","status-publish","hentry"],"aioseo_notices":[],"_links":{"self":[{"href":"https:\/\/verdello.be\/fr\/wp-json\/wp\/v2\/pages\/907"}],"collection":[{"href":"https:\/\/verdello.be\/fr\/wp-json\/wp\/v2\/pages"}],"about":[{"href":"https:\/\/verdello.be\/fr\/wp-json\/wp\/v2\/types\/page"}],"author":[{"embeddable":true,"href":"https:\/\/verdello.be\/fr\/wp-json\/wp\/v2\/users\/1"}],"replies":[{"embeddable":true,"href":"https:\/\/verdello.be\/fr\/wp-json\/wp\/v2\/comments?post=907"}],"version-history":[{"count":6,"href":"https:\/\/verdello.be\/fr\/wp-json\/wp\/v2\/pages\/907\/revisions"}],"predecessor-version":[{"id":1282,"href":"https:\/\/verdello.be\/fr\/wp-json\/wp\/v2\/pages\/907\/revisions\/1282"}],"wp:attachment":[{"href":"https:\/\/verdello.be\/fr\/wp-json\/wp\/v2\/media?parent=907"}],"curies":[{"name":"wp","href":"https:\/\/api.w.org\/{rel}","templated":true}]}}