{"id":903,"date":"2019-03-22T08:42:38","date_gmt":"2019-03-22T08:42:38","guid":{"rendered":"https:\/\/verdello.be\/?page_id=903"},"modified":"2021-03-19T07:33:06","modified_gmt":"2021-03-19T07:33:06","slug":"home","status":"publish","type":"page","link":"https:\/\/verdello.be\/fr\/","title":{"rendered":"Home"},"content":{"rendered":"\n\t<section class=\"section\" id=\"section_1766095732\">\n\t\t<div class=\"section-bg fill\" >\n\t\t\t<img loading=\"lazy\" decoding=\"async\" width=\"1600\" height=\"893\" src=\"https:\/\/verdello.be\/wp-content\/uploads\/2019\/02\/depot-robin-background-verdelloblue.png\" class=\"bg attachment- size-\" alt=\"\" \/>\t\t\t\t\t\t\n\t\t\t\n\n\t\t<\/div>\n\n\t\t\n\n\t\t<div class=\"section-content relative\">\n\t\t\t\n  <div class=\"banner-grid-wrapper\">\n  <div id=\"banner-grid-1222818654\" class=\"banner-grid row row-grid row-small\" data-packery-options=\"\">\n                      \n<div class=\"col grid-col large-12 grid-col-1\" ><div class=\"col-inner box-shadow-2 box-shadow-3-hover\">\n\t<div class=\"img has-hover x md-x lg-x y md-y lg-y\" id=\"image_1041606005\">\n\t\t<a class=\"\" href=\"https:\/\/verdello.be\/about\/\" >\t\t\t\t\t\t<div class=\"img-inner dark\" >\n\t\t\t<img loading=\"lazy\" decoding=\"async\" width=\"1044\" height=\"581\" src=\"https:\/\/verdello.be\/wp-content\/uploads\/2019\/03\/Robin-verdello-home-logo-slide-2019-FR.jpg\" class=\"attachment-original size-original\" alt=\"\" srcset=\"https:\/\/verdello.be\/wp-content\/uploads\/2019\/03\/Robin-verdello-home-logo-slide-2019-FR.jpg 1044w, https:\/\/verdello.be\/wp-content\/uploads\/2019\/03\/Robin-verdello-home-logo-slide-2019-FR-510x284.jpg 510w, https:\/\/verdello.be\/wp-content\/uploads\/2019\/03\/Robin-verdello-home-logo-slide-2019-FR-300x167.jpg 300w, https:\/\/verdello.be\/wp-content\/uploads\/2019\/03\/Robin-verdello-home-logo-slide-2019-FR-768x427.jpg 768w, https:\/\/verdello.be\/wp-content\/uploads\/2019\/03\/Robin-verdello-home-logo-slide-2019-FR-1024x570.jpg 1024w\" sizes=\"(max-width: 1044px) 100vw, 1044px\" \/>\t\t\t\t\t\t\n\t\t\t\t\t<\/div>\n\t\t\t\t\t\t<\/a>\t\t\n<style>\n#image_1041606005 {\n  width: 100%;\n}\n<\/style>\n\t<\/div>\n\t\n<\/div><\/div>\n            <\/div>\n    <style>\n    #banner-grid-1222818654 .grid-col-1{height: 600px}\n    #banner-grid-1222818654 .grid-col-1-2{height: 300px}\n    #banner-grid-1222818654 .grid-col-1-3{height:200px}\n    #banner-grid-1222818654 .grid-col-2-3{height: 400px}\n    #banner-grid-1222818654 .grid-col-1-4{height: 150px}\n    #banner-grid-1222818654 .grid-col-3-4{height: 450px}\n\n\n        \/* Tablet *\/\n    @media (max-width: 850px){\n      #banner-grid-1222818654 .grid-col-1{height: 483px}\n      #banner-grid-1222818654 .grid-col-1-2{height: 241.5px}\n      #banner-grid-1222818654 .grid-col-1-3{height:161px}\n      #banner-grid-1222818654 .grid-col-2-3{height: 322px}\n      #banner-grid-1222818654 .grid-col-1-4{height: 120.75px}\n      #banner-grid-1222818654 .grid-col-3-4{height: 362.25px}\n    }\n    \n        \/* Mobile *\/\n    @media (max-width: 550px){\n      #banner-grid-1222818654 .grid-col-1{height: 207px}\n      #banner-grid-1222818654 .grid-col-1-2{height: 103.5px}\n      #banner-grid-1222818654 .grid-col-1-3{height:69px}\n      #banner-grid-1222818654 .grid-col-2-3{height: 138px}\n      #banner-grid-1222818654 .grid-col-1-4{height: 51.75px}\n      #banner-grid-1222818654 .grid-col-3-4{height: 155.25px}\n    }\n    \n\n  <\/style>\n    <\/div>\n  \n  <div class=\"banner-grid-wrapper\">\n  <div id=\"banner-grid-1284532603\" class=\"banner-grid row row-grid row-small\" data-packery-options=\"\">\n                      \n<div class=\"col grid-col large-3 grid-col-1-2\" ><div class=\"col-inner box-shadow-2 box-shadow-3-hover\">\n\t<div class=\"img has-hover x md-x lg-x y md-y lg-y\" id=\"image_558354274\">\n\t\t<a class=\"\" href=\"https:\/\/verdello.be\/farben\/\" >\t\t\t\t\t\t<div class=\"img-inner dark\" >\n\t\t\t<img loading=\"lazy\" decoding=\"async\" width=\"515\" height=\"581\" src=\"https:\/\/verdello.be\/wp-content\/uploads\/2021\/03\/Verdello-home-box-nuanciers.jpg\" class=\"attachment-large size-large\" alt=\"\" srcset=\"https:\/\/verdello.be\/wp-content\/uploads\/2021\/03\/Verdello-home-box-nuanciers.jpg 515w, https:\/\/verdello.be\/wp-content\/uploads\/2021\/03\/Verdello-home-box-nuanciers-510x575.jpg 510w, https:\/\/verdello.be\/wp-content\/uploads\/2021\/03\/Verdello-home-box-nuanciers-266x300.jpg 266w\" sizes=\"(max-width: 515px) 100vw, 515px\" \/>\t\t\t\t\t\t\n\t\t\t\t\t<\/div>\n\t\t\t\t\t\t<\/a>\t\t\n<style>\n#image_558354274 {\n  width: 100%;\n}\n<\/style>\n\t<\/div>\n\t\n<\/div><\/div>\n<div class=\"col grid-col large-3 grid-col-1-2\" ><div class=\"col-inner box-shadow-2 box-shadow-3-hover\">\n\t<div class=\"img has-hover x md-x lg-x y md-y lg-y\" id=\"image_439840633\">\n\t\t<a class=\"\" href=\"https:\/\/verdello.be\/referenzen\/\" >\t\t\t\t\t\t<div class=\"img-inner dark\" >\n\t\t\t<img loading=\"lazy\" decoding=\"async\" width=\"515\" height=\"581\" src=\"https:\/\/verdello.be\/wp-content\/uploads\/2021\/03\/Verdello-home-box-references.jpg\" class=\"attachment-large size-large\" alt=\"\" srcset=\"https:\/\/verdello.be\/wp-content\/uploads\/2021\/03\/Verdello-home-box-references.jpg 515w, https:\/\/verdello.be\/wp-content\/uploads\/2021\/03\/Verdello-home-box-references-510x575.jpg 510w, https:\/\/verdello.be\/wp-content\/uploads\/2021\/03\/Verdello-home-box-references-266x300.jpg 266w\" sizes=\"(max-width: 515px) 100vw, 515px\" \/>\t\t\t\t\t\t\n\t\t\t\t\t<\/div>\n\t\t\t\t\t\t<\/a>\t\t\n<style>\n#image_439840633 {\n  width: 100%;\n}\n<\/style>\n\t<\/div>\n\t\n<\/div><\/div>\n<div class=\"col grid-col large-3 grid-col-1-2\" ><div class=\"col-inner box-shadow-2 box-shadow-3-hover\">\n\t<div class=\"img has-hover x md-x lg-x y md-y lg-y\" id=\"image_523011420\">\n\t\t<a class=\"\" href=\"https:\/\/verdello.be\/zertifikate\/\" >\t\t\t\t\t\t<div class=\"img-inner dark\" >\n\t\t\t<img loading=\"lazy\" decoding=\"async\" width=\"515\" height=\"581\" src=\"https:\/\/verdello.be\/wp-content\/uploads\/2021\/03\/Verdello-home-box-certificats.jpg\" class=\"attachment-large size-large\" alt=\"\" srcset=\"https:\/\/verdello.be\/wp-content\/uploads\/2021\/03\/Verdello-home-box-certificats.jpg 515w, https:\/\/verdello.be\/wp-content\/uploads\/2021\/03\/Verdello-home-box-certificats-510x575.jpg 510w, https:\/\/verdello.be\/wp-content\/uploads\/2021\/03\/Verdello-home-box-certificats-266x300.jpg 266w\" sizes=\"(max-width: 515px) 100vw, 515px\" \/>\t\t\t\t\t\t\n\t\t\t\t\t<\/div>\n\t\t\t\t\t\t<\/a>\t\t\n<style>\n#image_523011420 {\n  width: 100%;\n}\n<\/style>\n\t<\/div>\n\t\n<\/div><\/div>\n<div class=\"col grid-col large-3 grid-col-1-2\" ><div class=\"col-inner box-shadow-2 box-shadow-3-hover\">\n\t<div class=\"img has-hover x md-x lg-x y md-y lg-y\" id=\"image_1278670000\">\n\t\t<a class=\"\" href=\"https:\/\/verdello.be\/verkaufsstellen\/\" >\t\t\t\t\t\t<div class=\"img-inner dark\" >\n\t\t\t<img loading=\"lazy\" decoding=\"async\" width=\"515\" height=\"581\" src=\"https:\/\/verdello.be\/wp-content\/uploads\/2021\/03\/Verdello-home-box-ppints-vente.jpg\" class=\"attachment-large size-large\" alt=\"\" srcset=\"https:\/\/verdello.be\/wp-content\/uploads\/2021\/03\/Verdello-home-box-ppints-vente.jpg 515w, https:\/\/verdello.be\/wp-content\/uploads\/2021\/03\/Verdello-home-box-ppints-vente-510x575.jpg 510w, https:\/\/verdello.be\/wp-content\/uploads\/2021\/03\/Verdello-home-box-ppints-vente-266x300.jpg 266w\" sizes=\"(max-width: 515px) 100vw, 515px\" \/>\t\t\t\t\t\t\n\t\t\t\t\t<\/div>\n\t\t\t\t\t\t<\/a>\t\t\n<style>\n#image_1278670000 {\n  width: 100%;\n}\n<\/style>\n\t<\/div>\n\t\n<\/div><\/div>\n            <\/div>\n    <style>\n    #banner-grid-1284532603 .grid-col-1{height: 600px}\n    #banner-grid-1284532603 .grid-col-1-2{height: 300px}\n    #banner-grid-1284532603 .grid-col-1-3{height:200px}\n    #banner-grid-1284532603 .grid-col-2-3{height: 400px}\n    #banner-grid-1284532603 .grid-col-1-4{height: 150px}\n    #banner-grid-1284532603 .grid-col-3-4{height: 450px}\n\n\n        \/* Tablet *\/\n    @media (max-width: 850px){\n      #banner-grid-1284532603 .grid-col-1{height: 866px}\n      #banner-grid-1284532603 .grid-col-1-2{height: 433px}\n      #banner-grid-1284532603 .grid-col-1-3{height:288.66666666667px}\n      #banner-grid-1284532603 .grid-col-2-3{height: 577.33333333333px}\n      #banner-grid-1284532603 .grid-col-1-4{height: 216.5px}\n      #banner-grid-1284532603 .grid-col-3-4{height: 649.5px}\n    }\n    \n        \/* Mobile *\/\n    @media (max-width: 550px){\n      #banner-grid-1284532603 .grid-col-1{height: 740px}\n      #banner-grid-1284532603 .grid-col-1-2{height: 370px}\n      #banner-grid-1284532603 .grid-col-1-3{height:246.66666666667px}\n      #banner-grid-1284532603 .grid-col-2-3{height: 493.33333333333px}\n      #banner-grid-1284532603 .grid-col-1-4{height: 185px}\n      #banner-grid-1284532603 .grid-col-3-4{height: 555px}\n    }\n    \n\n  <\/style>\n    <\/div>\n  \n\t\t<\/div>\n\n\t\t\n<style>\n#section_1766095732 {\n  padding-top: 30px;\n  padding-bottom: 30px;\n}\n<\/style>\n\t<\/section>\n\t\n<div class=\"row\"  id=\"row-1646439577\">\n\n\t<div id=\"col-1717835132\" class=\"col small-12 large-12\"  >\n\t\t\t\t<div class=\"col-inner\"  >\n\t\t\t\n\t\t\t\n<h2 style=\"text-align: center;\">Verdello est une peinture 100% bio-sourc\u00e9e et \u00e9cologique sans polluants.<\/h2>\n<div class=\"text-center\"><div class=\"is-divider divider clearfix\" style=\"max-width:348px;background-color:rgb(0, 111, 167);\"><\/div><\/div>\n\t\t<\/div>\n\t\t\t\t\t<\/div>\n\n\t\n<\/div>\n\n\n\t<section class=\"section\" id=\"section_1622526686\">\n\t\t<div class=\"section-bg fill\" >\n\t\t\t\t\t\t\t\t\t\n\t\t\t\n\n\t\t<\/div>\n\n\t\t\n\n\t\t<div class=\"section-content relative\">\n\t\t\t\n<div class=\"row\"  id=\"row-106818767\">\n\n\t<div id=\"col-2062696389\" class=\"col medium-6 small-12 large-6\"  >\n\t\t\t\t<div class=\"col-inner\" style=\"background-color:rgb(254, 254, 254);\" >\n\t\t\t\n\t\t\t\n\t<div id=\"gap-1123796974\" class=\"gap-element clearfix\" style=\"display:block; height:auto;\">\n\t\t\n<style>\n#gap-1123796974 {\n  padding-top: 42px;\n}\n<\/style>\n\t<\/div>\n\t\n\t<div class=\"img has-hover x md-x lg-x y md-y lg-y\" id=\"image_1654089011\">\n\t\t\t\t\t\t\t\t<div class=\"img-inner dark\" >\n\t\t\t<img loading=\"lazy\" decoding=\"async\" width=\"1200\" height=\"730\" src=\"https:\/\/verdello.be\/wp-content\/uploads\/2019\/02\/verdello-farbtopf-big.jpg\" class=\"attachment-original size-original\" alt=\"\" srcset=\"https:\/\/verdello.be\/wp-content\/uploads\/2019\/02\/verdello-farbtopf-big.jpg 1200w, https:\/\/verdello.be\/wp-content\/uploads\/2019\/02\/verdello-farbtopf-big-510x310.jpg 510w, https:\/\/verdello.be\/wp-content\/uploads\/2019\/02\/verdello-farbtopf-big-300x183.jpg 300w, https:\/\/verdello.be\/wp-content\/uploads\/2019\/02\/verdello-farbtopf-big-768x467.jpg 768w, https:\/\/verdello.be\/wp-content\/uploads\/2019\/02\/verdello-farbtopf-big-1024x623.jpg 1024w\" sizes=\"(max-width: 1200px) 100vw, 1200px\" \/>\t\t\t\t\t\t\n\t\t\t\t\t<\/div>\n\t\t\t\t\t\t\t\t\n<style>\n#image_1654089011 {\n  width: 100%;\n}\n<\/style>\n\t<\/div>\n\t\n\t\t<\/div>\n\t\t\t\t\t<\/div>\n\n\t\n\n\t<div id=\"col-1379476650\" class=\"col medium-6 small-12 large-6\"  >\n\t\t\t\t<div class=\"col-inner\" style=\"background-color:rgb(255, 255, 255);\" >\n\t\t\t\n\t\t\t\n<h3>La peinture d&rsquo;int\u00e9rieur facile \u00e0 utiliser, dans une large gamme de couleurs et avec un rendement \u00e9lev\u00e9, vous permet de cr\u00e9er des int\u00e9rieurs \u00e9l\u00e9gants et sains.<\/h3>\n<h1><\/h1>\n<h1><span style=\"font-size: 140%; color: #8fc041;\">Pour des int\u00e9rieurs sains<br \/>\n<\/span><\/h1>\n<h3><span style=\"font-size: 120%;\"><span style=\"color: #8fc041;\">\u2022<\/span> 100% naturelle<\/span><\/h3>\n<h3><span style=\"font-size: 120%;\"><span style=\"color: #8fc041;\">\u2022<\/span> Peinture \u00e0 base v\u00e9g\u00e9tale<br \/>\n<\/span><\/h3>\n<h3><span style=\"font-size: 120%;\"><span style=\"color: #8fc041;\">\u2022<\/span> issue de ressources renouvelables<br \/>\n<\/span><\/h3>\n<h3><span style=\"font-size: 120%;\"><span style=\"color: #8fc041;\">\u2022<\/span> sans polluants<br \/>\n<\/span><\/h3>\n<h3><span style=\"font-size: 120%;\"><span style=\"color: #8fc041;\">\u2022<\/span> facile \u00e0 appliquer<br \/>\n<\/span><\/h3>\n<h3><span style=\"font-size: 120%;\"><span style=\"color: #8fc041;\">\u2022<\/span> Rendement \u00e9lev\u00e9<br \/>\n<\/span><\/h3>\n\t\t<\/div>\n\t\t\t\t\t<\/div>\n\n\t\n\n<style>\n#row-106818767 > .col > .col-inner {\n  background-color: rgb(255, 255, 255);\n}\n<\/style>\n<\/div>\n\t\t<\/div>\n\n\t\t\n<style>\n#section_1622526686 {\n  padding-top: 30px;\n  padding-bottom: 30px;\n  background-color: rgb(255, 255, 255);\n}\n<\/style>\n\t<\/section>\n\t\n","protected":false},"excerpt":{"rendered":"","protected":false},"author":1,"featured_media":0,"parent":0,"menu_order":1,"comment_status":"closed","ping_status":"closed","template":"page-blank.php","meta":{"_monsterinsights_skip_tracking":false,"_monsterinsights_sitenote_active":false,"_monsterinsights_sitenote_note":"","_monsterinsights_sitenote_category":0,"footnotes":""},"class_list":["post-903","page","type-page","status-publish","hentry"],"aioseo_notices":[],"_links":{"self":[{"href":"https:\/\/verdello.be\/fr\/wp-json\/wp\/v2\/pages\/903"}],"collection":[{"href":"https:\/\/verdello.be\/fr\/wp-json\/wp\/v2\/pages"}],"about":[{"href":"https:\/\/verdello.be\/fr\/wp-json\/wp\/v2\/types\/page"}],"author":[{"embeddable":true,"href":"https:\/\/verdello.be\/fr\/wp-json\/wp\/v2\/users\/1"}],"replies":[{"embeddable":true,"href":"https:\/\/verdello.be\/fr\/wp-json\/wp\/v2\/comments?post=903"}],"version-history":[{"count":8,"href":"https:\/\/verdello.be\/fr\/wp-json\/wp\/v2\/pages\/903\/revisions"}],"predecessor-version":[{"id":2533,"href":"https:\/\/verdello.be\/fr\/wp-json\/wp\/v2\/pages\/903\/revisions\/2533"}],"wp:attachment":[{"href":"https:\/\/verdello.be\/fr\/wp-json\/wp\/v2\/media?parent=903"}],"curies":[{"name":"wp","href":"https:\/\/api.w.org\/{rel}","templated":true}]}}