{"id":901,"date":"2019-03-22T08:42:20","date_gmt":"2019-03-22T08:42:20","guid":{"rendered":"https:\/\/verdello.be\/?page_id=901"},"modified":"2021-05-17T06:34:29","modified_gmt":"2021-05-17T06:34:29","slug":"certificats","status":"publish","type":"page","link":"https:\/\/verdello.be\/fr\/certificats\/","title":{"rendered":"Certificats"},"content":{"rendered":"<h2 class=\"uppercase\">CERTIFICATS<\/h2>\n\t<div id=\"gap-2009140407\" class=\"gap-element clearfix\" style=\"display:block; height:auto;\">\n\t\t\n<style>\n#gap-2009140407 {\n  padding-top: 41px;\n}\n<\/style>\n\t<\/div>\n\t\n<div class=\"row\"  id=\"row-1144530428\">\n\n\t<div id=\"col-917686307\" class=\"col medium-4 small-6 large-4\"  >\n\t\t\t\t<div class=\"col-inner text-center\"  >\n\t\t\t\n\t\t\t\n\t<div class=\"img has-hover x md-x lg-x y md-y lg-y\" id=\"image_454235459\">\n\t\t\t\t\t\t\t\t<div class=\"img-inner dark\" >\n\t\t\t<img loading=\"lazy\" decoding=\"async\" width=\"450\" height=\"436\" src=\"https:\/\/verdello.be\/wp-content\/uploads\/2019\/03\/c2c_bro_4ClgTM-1.jpg\" class=\"attachment-large size-large\" alt=\"\" srcset=\"https:\/\/verdello.be\/wp-content\/uploads\/2019\/03\/c2c_bro_4ClgTM-1.jpg 450w, https:\/\/verdello.be\/wp-content\/uploads\/2019\/03\/c2c_bro_4ClgTM-1-300x291.jpg 300w\" sizes=\"(max-width: 450px) 100vw, 450px\" \/>\t\t\t\t\t\t\n\t\t\t\t\t<\/div>\n\t\t\t\t\t\t\t\t\n<style>\n#image_454235459 {\n  width: 67%;\n}\n<\/style>\n\t<\/div>\n\t\n<p style=\"text-align: center;\"><a href=\"https:\/\/verdello.be\/wp-content\/uploads\/2019\/03\/2017_06_14_communique_de_presse_certification_C2C.pdf\">C2C communiqu\u00e9 de presse (FR)<\/a><\/p>\n<p style=\"text-align: center;\"><a href=\"https:\/\/verdello.be\/wp-content\/uploads\/2019\/03\/Peint_Verde_Bronz_CERT3166_2017-05-22-1.pdf\">C2C certificat<\/a><\/p>\n\t\t<\/div>\n\t\t\t\t\t<\/div>\n\n\t\n\n\t<div id=\"col-2124723643\" class=\"col medium-8 small-12 large-8\"  >\n\t\t\t\t<div class=\"col-inner\"  >\n\t\t\t\n\t\t\t\n<h3><i>Que signifie \u00ab\u00a0Cradle to Cradle\u00a0\u00bb (C2C) ?<\/i><\/h3>\n<p><em>Le \u00ab\u00a0Cradle to Cradle Certified Products Program\u00a0\u00bb se veut synonyme de durabilit\u00e9 globale et vise \u00e0 atteindre le cas id\u00e9al de recyclage : T<strong>outes les mati\u00e8res premi\u00e8res utilis\u00e9es sont enti\u00e8rement et de mani\u00e8re \u00e9quivalente r\u00e9int\u00e9gr\u00e9es dans le processus de production \u00e0 la fin du cycle de vie d&rsquo;un produit.<\/strong><\/em><\/p>\n<p><em>L&rsquo;un des moyens de mettre en \u0153uvre cette \u00e9conomie circulaire est le principe dit \u00ab\u00a0Cradle to Cradle\u00a0\u00bb (C2C), qui se traduit par \u00ab\u00a0du berceau au berceau\u00a0\u00bb en fran\u00e7ais. C2C est synonyme d&rsquo;innovation maximale et pr\u00e9sume le produit, de sa conception \u00e0 son \u00e9limination, dans de nouvelles cat\u00e9gories \u00e9conomiques, sociales et \u00e9cologiques.<\/em><\/p>\n<p>\u00a0<\/p>\n\t\t<\/div>\n\t\t\t\t\t<\/div>\n\n\t\n\n\t<div id=\"col-369531033\" class=\"col small-12 large-12\"  >\n\t\t\t\t<div class=\"col-inner\"  >\n\t\t\t\n\t\t\t\n<div class=\"text-center\"><div class=\"is-divider divider clearfix\" style=\"max-width:1051px;height:1px;\"><\/div><\/div>\n\t\t<\/div>\n\t\t\t\t\t<\/div>\n\n\t\n\n\t<div id=\"col-1891227017\" class=\"col medium-4 small-6 large-4\"  >\n\t\t\t\t<div class=\"col-inner text-center\"  >\n\t\t\t\n\t\t\t\n\t<div class=\"img has-hover x md-x lg-x y md-y lg-y\" id=\"image_998191398\">\n\t\t\t\t\t\t\t\t<div class=\"img-inner dark\" style=\"margin:22px 0px 0px 0px;\">\n\t\t\t<img loading=\"lazy\" decoding=\"async\" width=\"1020\" height=\"545\" src=\"https:\/\/verdello.be\/wp-content\/uploads\/2019\/03\/depot-robin-verdello-zertifikat-1024x547.png\" class=\"attachment-large size-large\" alt=\"\" srcset=\"https:\/\/verdello.be\/wp-content\/uploads\/2019\/03\/depot-robin-verdello-zertifikat-1024x547.png 1024w, https:\/\/verdello.be\/wp-content\/uploads\/2019\/03\/depot-robin-verdello-zertifikat-510x272.png 510w, https:\/\/verdello.be\/wp-content\/uploads\/2019\/03\/depot-robin-verdello-zertifikat-300x160.png 300w, https:\/\/verdello.be\/wp-content\/uploads\/2019\/03\/depot-robin-verdello-zertifikat-768x410.png 768w, https:\/\/verdello.be\/wp-content\/uploads\/2019\/03\/depot-robin-verdello-zertifikat.png 1483w\" sizes=\"(max-width: 1020px) 100vw, 1020px\" \/>\t\t\t\t\t\t\n\t\t\t\t\t<\/div>\n\t\t\t\t\t\t\t\t\n<style>\n#image_998191398 {\n  width: 86%;\n}\n<\/style>\n\t<\/div>\n\t\n\t\t<\/div>\n\t\t\t\t\t<\/div>\n\n\t\n\n\t<div id=\"col-1654550496\" class=\"col medium-8 small-12 large-8\"  >\n\t\t\t\t<div class=\"col-inner\"  >\n\t\t\t\n\t\t\t\n<h3><i><span lang=\"FR-BE\">Directive COV relative \u00e0 l&rsquo;\u00e9tiquetage des produits de construction ou de rev\u00eatement de mur ou de sol et des peintures et vernis sur leurs \u00e9missions de polluants volatils<\/span><\/i><\/h3>\n<p><em>Depuis le 1er janvier 2012, les produits de construction et les mat\u00e9riaux d&rsquo;am\u00e9nagement et d&rsquo;\u00e9quipement nouvellement mis sur le march\u00e9 fran\u00e7ais doivent \u00eatre class\u00e9s et \u00e9tiquet\u00e9s en fonction de leurs \u00e9missions. C&rsquo;est ce que stipule le D\u00e9cret n\u00b0 2011-321, publi\u00e9 par le gouvernement fran\u00e7ais le 25 mars 2011.<\/em><\/p>\n<p><em>Cet \u00e9tiquetage doit \u00eatre appos\u00e9 sur l&#8217;emballage du produit en plus de la marque CE (si elle est requise pour le produit en question).<\/em><\/p>\n<p><em>Avec l&rsquo;ISO 16000, la base d&rsquo;essai correspond \u00e0 la m\u00e9thodologie prescrite par la loi en Allemagne, qui est \u00e9galement utilis\u00e9e comme base par le Comit\u00e9 pour l&rsquo;\u00e9valuation sanitaire des produits de construction (AgBB) ou l&rsquo;Institut Allemand pour la Technologie de la Construction (DIBt). <\/em><\/p>\n<p><em>Les valeurs limites pour ce produit sont conformes \u00e0 la directive 2004-42\/CE (cat IIA\/a) :<\/em><\/p>\n<p><em>75 g\/L (2007) et 30 g\/L (2010), la teneur en COV de ce produit s&rsquo;\u00e9l\u00e8ve \u00e0 0 g\/L calcul\u00e9e selon la norme DIN ISO 11890 (Institut de test et de certification CORI).<\/em><\/p>\n<p>\u00a0<\/p>\n\t\t<\/div>\n\t\t\t\t\t<\/div>\n\n\t\n\n\t<div id=\"col-1408673990\" class=\"col small-12 large-12\"  >\n\t\t\t\t<div class=\"col-inner\"  >\n\t\t\t\n\t\t\t\n<div class=\"text-center\"><div class=\"is-divider divider clearfix\" style=\"max-width:1051px;height:1px;\"><\/div><\/div>\n\t\t<\/div>\n\t\t\t\t\t<\/div>\n\n\t\n\n\t<div id=\"col-1472749736\" class=\"col medium-4 small-6 large-4\"  >\n\t\t\t\t<div class=\"col-inner text-center\"  >\n\t\t\t\n\t\t\t\n\t<div class=\"img has-hover x md-x lg-x y md-y lg-y\" id=\"image_217210722\">\n\t\t<a class=\"\" href=\"https:\/\/verdello.be\/wp-content\/uploads\/2019\/03\/robin-verdello-superdreckskescht-fr-s.pdf\" target=\"_blank\" rel=\"noopener\" >\t\t\t\t\t\t<div class=\"img-inner dark\" style=\"margin:35px 0px 0px 0px;\">\n\t\t\t<img loading=\"lazy\" decoding=\"async\" width=\"364\" height=\"133\" src=\"https:\/\/verdello.be\/wp-content\/uploads\/2019\/03\/Logo-PP-ISO14024-Robin-1.jpg\" class=\"attachment-large size-large\" alt=\"\" srcset=\"https:\/\/verdello.be\/wp-content\/uploads\/2019\/03\/Logo-PP-ISO14024-Robin-1.jpg 364w, https:\/\/verdello.be\/wp-content\/uploads\/2019\/03\/Logo-PP-ISO14024-Robin-1-300x110.jpg 300w\" sizes=\"(max-width: 364px) 100vw, 364px\" \/>\t\t\t\t\t\t\n\t\t\t\t\t<\/div>\n\t\t\t\t\t\t<\/a>\t\t\n<style>\n#image_217210722 {\n  width: 100%;\n}\n<\/style>\n\t<\/div>\n\t\n<p><a href=\"https:\/\/verdello.be\/wp-content\/uploads\/2019\/03\/robin-verdello-superdreckskescht-fr-s.pdf\">SuperDrecksK\u00ebscht Certificat<\/a><\/p>\n\t\t<\/div>\n\t\t\t\t\t<\/div>\n\n\t\n\n\t<div id=\"col-636713320\" class=\"col medium-4 small-6 large-4\"  >\n\t\t\t\t<div class=\"col-inner text-center\"  >\n\t\t\t\n\t\t\t\n\t<div class=\"img has-hover x md-x lg-x y md-y lg-y\" id=\"image_1955765432\">\n\t\t<a class=\"\" href=\"https:\/\/verdello.be\/wp-content\/uploads\/2019\/03\/prix-fedil-verdello.pdf\" >\t\t\t\t\t\t<div class=\"img-inner dark\" style=\"margin:5px 0px 0px 0px;\">\n\t\t\t<img loading=\"lazy\" decoding=\"async\" width=\"725\" height=\"510\" src=\"https:\/\/verdello.be\/wp-content\/uploads\/2019\/03\/LOGO_Prix_ECO_FEDIL_PMS308U.png\" class=\"attachment-large size-large\" alt=\"\" srcset=\"https:\/\/verdello.be\/wp-content\/uploads\/2019\/03\/LOGO_Prix_ECO_FEDIL_PMS308U.png 725w, https:\/\/verdello.be\/wp-content\/uploads\/2019\/03\/LOGO_Prix_ECO_FEDIL_PMS308U-510x359.png 510w, https:\/\/verdello.be\/wp-content\/uploads\/2019\/03\/LOGO_Prix_ECO_FEDIL_PMS308U-300x211.png 300w\" sizes=\"(max-width: 725px) 100vw, 725px\" \/>\t\t\t\t\t\t\n\t\t\t\t\t<\/div>\n\t\t\t\t\t\t<\/a>\t\t\n<style>\n#image_1955765432 {\n  width: 91%;\n}\n<\/style>\n\t<\/div>\n\t\n\t\t<\/div>\n\t\t\t\t\t<\/div>\n\n\t\n\n\t<div id=\"col-348613365\" class=\"col medium-4 small-6 large-4\"  >\n\t\t\t\t<div class=\"col-inner text-center\"  >\n\t\t\t\n\t\t\t\n\t<div class=\"img has-hover x md-x lg-x y md-y lg-y\" id=\"image_1280633186\">\n\t\t\t\t\t\t\t\t<div class=\"img-inner dark\" >\n\t\t\t<img loading=\"lazy\" decoding=\"async\" width=\"431\" height=\"340\" src=\"https:\/\/verdello.be\/wp-content\/uploads\/2019\/03\/Logo_MadeInLuxe_noir.png\" class=\"attachment-large size-large\" alt=\"\" srcset=\"https:\/\/verdello.be\/wp-content\/uploads\/2019\/03\/Logo_MadeInLuxe_noir.png 431w, https:\/\/verdello.be\/wp-content\/uploads\/2019\/03\/Logo_MadeInLuxe_noir-300x237.png 300w\" sizes=\"(max-width: 431px) 100vw, 431px\" \/>\t\t\t\t\t\t\n\t\t\t\t\t<\/div>\n\t\t\t\t\t\t\t\t\n<style>\n#image_1280633186 {\n  width: 79%;\n}\n<\/style>\n\t<\/div>\n\t\n\t\t<\/div>\n\t\t\t\t\t<\/div>\n\n\t\n\n\t<div id=\"col-2066430695\" class=\"col small-12 large-12\"  >\n\t\t\t\t<div class=\"col-inner\"  >\n\t\t\t\n\t\t\t\n<div class=\"text-center\"><div class=\"is-divider divider clearfix\" style=\"max-width:1051px;height:1px;\"><\/div><\/div>\n\t\t<\/div>\n\t\t\t\t\t<\/div>\n\n\t\n<\/div>\n<h2 class=\"uppercase\">FICHES TECHNIQUES<\/h2>\n<div class=\"row\"  id=\"row-2126289800\">\n\n\t<div id=\"col-866009860\" class=\"col medium-4 small-6 large-4\"  >\n\t\t\t\t<div class=\"col-inner\"  >\n\t\t\t\n\t\t\t\n\t<div class=\"img has-hover x md-x lg-x y md-y lg-y\" id=\"image_633991839\">\n\t\t<a class=\"\" href=\"https:\/\/verdello.be\/wp-content\/uploads\/2019\/03\/Verdello-zertifikate-fiche-technique-FR.pdf\" target=\"_blank\" rel=\"noopener\" >\t\t\t\t\t\t<div class=\"img-inner dark\" >\n\t\t\t<img loading=\"lazy\" decoding=\"async\" width=\"595\" height=\"842\" src=\"https:\/\/verdello.be\/wp-content\/uploads\/2019\/03\/verdello-zertifikate-fichetechnique-icon.jpg\" class=\"attachment-large size-large\" alt=\"\" srcset=\"https:\/\/verdello.be\/wp-content\/uploads\/2019\/03\/verdello-zertifikate-fichetechnique-icon.jpg 595w, https:\/\/verdello.be\/wp-content\/uploads\/2019\/03\/verdello-zertifikate-fichetechnique-icon-510x722.jpg 510w, https:\/\/verdello.be\/wp-content\/uploads\/2019\/03\/verdello-zertifikate-fichetechnique-icon-212x300.jpg 212w\" sizes=\"(max-width: 595px) 100vw, 595px\" \/>\t\t\t\t\t\t\n\t\t\t\t\t<\/div>\n\t\t\t\t\t\t<\/a>\t\t\n<style>\n#image_633991839 {\n  width: 100%;\n}\n<\/style>\n\t<\/div>\n\t\n<p style=\"text-align: center;\"><a href=\"https:\/\/verdello.be\/wp-content\/uploads\/2019\/03\/Verdello-zertifikate-fiche-technique-FR.pdf\">Fiche technique<\/a><\/p>\n\t\t<\/div>\n\t\t\t\t\t<\/div>\n\n\t\n\n\t<div id=\"col-1506859691\" class=\"col medium-4 small-6 large-4\"  >\n\t\t\t\t<div class=\"col-inner\"  >\n\t\t\t\n\t\t\t\n\t<div class=\"img has-hover x md-x lg-x y md-y lg-y\" id=\"image_1246310526\">\n\t\t<a class=\"\" href=\"https:\/\/verdello.be\/wp-content\/uploads\/2019\/03\/Verdello-zertifikate-fiche-securite-FR.pdf\" target=\"_blank\" rel=\"noopener\" >\t\t\t\t\t\t<div class=\"img-inner dark\" >\n\t\t\t<img loading=\"lazy\" decoding=\"async\" width=\"595\" height=\"842\" src=\"https:\/\/verdello.be\/wp-content\/uploads\/2019\/03\/verdello-zertifikate-fiche-securite.jpg\" class=\"attachment-large size-large\" alt=\"\" srcset=\"https:\/\/verdello.be\/wp-content\/uploads\/2019\/03\/verdello-zertifikate-fiche-securite.jpg 595w, https:\/\/verdello.be\/wp-content\/uploads\/2019\/03\/verdello-zertifikate-fiche-securite-510x722.jpg 510w, https:\/\/verdello.be\/wp-content\/uploads\/2019\/03\/verdello-zertifikate-fiche-securite-212x300.jpg 212w\" sizes=\"(max-width: 595px) 100vw, 595px\" \/>\t\t\t\t\t\t\n\t\t\t\t\t<\/div>\n\t\t\t\t\t\t<\/a>\t\t\n<style>\n#image_1246310526 {\n  width: 100%;\n}\n<\/style>\n\t<\/div>\n\t\n<p style=\"text-align: center;\"><a href=\"https:\/\/verdello.be\/wp-content\/uploads\/2019\/03\/Verdello-zertifikate-fiche-securite-FR.pdf\">Fiche de s\u00e9curit\u00e9<\/a><\/p>\n\t\t<\/div>\n\t\t\t\t\t<\/div>\n\n\t\n\n\t<div id=\"col-1414729757\" class=\"col medium-4 small-6 large-4\"  >\n\t\t\t\t<div class=\"col-inner\"  >\n\t\t\t\n\t\t\t\n\t<div class=\"img has-hover x md-x lg-x y md-y lg-y\" id=\"image_1042407462\">\n\t\t<a class=\"\" href=\"https:\/\/verdello.be\/wp-content\/uploads\/2019\/03\/Verdello-zertifikate-laboratoire-sante.pdf\" target=\"_blank\" rel=\"noopener\" >\t\t\t\t\t\t<div class=\"img-inner dark\" >\n\t\t\t<img loading=\"lazy\" decoding=\"async\" width=\"595\" height=\"842\" src=\"https:\/\/verdello.be\/wp-content\/uploads\/2019\/03\/verdello-zertifikate-laboratoire-icon2.jpg\" class=\"attachment-large size-large\" alt=\"\" srcset=\"https:\/\/verdello.be\/wp-content\/uploads\/2019\/03\/verdello-zertifikate-laboratoire-icon2.jpg 595w, https:\/\/verdello.be\/wp-content\/uploads\/2019\/03\/verdello-zertifikate-laboratoire-icon2-510x722.jpg 510w, https:\/\/verdello.be\/wp-content\/uploads\/2019\/03\/verdello-zertifikate-laboratoire-icon2-212x300.jpg 212w\" sizes=\"(max-width: 595px) 100vw, 595px\" \/>\t\t\t\t\t\t\n\t\t\t\t\t<\/div>\n\t\t\t\t\t\t<\/a>\t\t\n<style>\n#image_1042407462 {\n  width: 100%;\n}\n<\/style>\n\t<\/div>\n\t\n<p style=\"text-align: center;\"><a href=\"https:\/\/verdello.be\/wp-content\/uploads\/2019\/03\/Verdello-zertifikate-laboratoire-sante.pdf\">Laboratoire national de sant\u00e9<\/a><\/p>\n\t\t<\/div>\n\t\t\t\t\t<\/div>\n\n\t\n<\/div>\n","protected":false},"excerpt":{"rendered":"<p>CERTIFICATS FICHES TECHNIQUES<\/p>\n","protected":false},"author":1,"featured_media":0,"parent":0,"menu_order":0,"comment_status":"closed","ping_status":"closed","template":"","meta":{"_monsterinsights_skip_tracking":false,"_monsterinsights_sitenote_active":false,"_monsterinsights_sitenote_note":"","_monsterinsights_sitenote_category":0,"footnotes":""},"class_list":["post-901","page","type-page","status-publish","hentry"],"aioseo_notices":[],"_links":{"self":[{"href":"https:\/\/verdello.be\/fr\/wp-json\/wp\/v2\/pages\/901"}],"collection":[{"href":"https:\/\/verdello.be\/fr\/wp-json\/wp\/v2\/pages"}],"about":[{"href":"https:\/\/verdello.be\/fr\/wp-json\/wp\/v2\/types\/page"}],"author":[{"embeddable":true,"href":"https:\/\/verdello.be\/fr\/wp-json\/wp\/v2\/users\/1"}],"replies":[{"embeddable":true,"href":"https:\/\/verdello.be\/fr\/wp-json\/wp\/v2\/comments?post=901"}],"version-history":[{"count":6,"href":"https:\/\/verdello.be\/fr\/wp-json\/wp\/v2\/pages\/901\/revisions"}],"predecessor-version":[{"id":2536,"href":"https:\/\/verdello.be\/fr\/wp-json\/wp\/v2\/pages\/901\/revisions\/2536"}],"wp:attachment":[{"href":"https:\/\/verdello.be\/fr\/wp-json\/wp\/v2\/media?parent=901"}],"curies":[{"name":"wp","href":"https:\/\/api.w.org\/{rel}","templated":true}]}}