{"id":897,"date":"2019-03-22T08:41:06","date_gmt":"2019-03-22T08:41:06","guid":{"rendered":"https:\/\/verdello.be\/?page_id=897"},"modified":"2020-01-23T14:06:05","modified_gmt":"2020-01-23T14:06:05","slug":"shop","status":"publish","type":"page","link":"https:\/\/verdello.be\/fr\/shop\/","title":{"rendered":"shop"},"content":{"rendered":"<div class=\"row\"  id=\"row-22828661\">\n\n\t<div id=\"col-959339978\" class=\"col small-12 large-12\"  >\n\t\t\t\t<div class=\"col-inner\"  >\n\t\t\t\n\t\t\t\n<h4 style=\"text-align: center;\">Verdello, la peinture 100% bio-sourc\u00e9e et \u00e9cologique pour un climat int\u00e9rieur sain et durable.<\/h4>\n<h4 style=\"text-align: center;\">Un design int\u00e9rieur cr\u00e9atif, qui est \u00e9galement tr\u00e8s bien tol\u00e9r\u00e9 par les personnes allergiques et les personnes atteintes de MCS.<\/h4>\n\t\t<\/div>\n\t\t\t\t\t<\/div>\n\n\t\n<\/div>\n<div class=\"message-box relative dark\" style=\"padding-top:128px;padding-bottom:128px;\"><div class=\"message-box-bg-image bg-fill fill\" style=\"background-image:url(https:\/\/verdello.be\/wp-content\/uploads\/2019\/02\/depot-robin-background-verdello-blau-1024x572.jpg);\"><\/div><div class=\"message-box-bg-overlay bg-fill fill\" ><\/div><div class=\"container relative\"><div class=\"inner last-reset\">\n<div class=\"row align-middle align-center\"  id=\"row-394728054\">\n\n\t<div id=\"col-1371293668\" class=\"col small-12 large-12\"  >\n\t\t\t\t<div class=\"col-inner\"  >\n\t\t\t\n\t\t\t\n<p style=\"text-align: center;\"><span style=\"font-size: 150%;\"><strong><span class=\"tlid-translation translation\" lang=\"fr\"><span title=\"\">Vous trouverez notre boutique en ligne ici sous peu.<\/span><\/span><\/strong><\/span><\/p>\n\t\t<\/div>\n\t\t\t\t\t<\/div>\n\n\t\n\n\t<div id=\"col-1596923608\" class=\"col medium-4 small-12 large-4\"  >\n\t\t\t\t<div class=\"col-inner\"  >\n\t\t\t\n\t\t\t\n\t<div id=\"gap-337523077\" class=\"gap-element clearfix\" style=\"display:block; height:auto;\">\n\t\t\n<style>\n#gap-337523077 {\n  padding-top: 48px;\n}\n<\/style>\n\t<\/div>\n\t\n\t\t<\/div>\n\t\t\t\t\t<\/div>\n\n\t\n\n\t<div id=\"col-674331755\" class=\"col medium-9 small-12 large-9\"  >\n\t\t\t\t<div class=\"col-inner text-center\"  >\n\t\t\t\n\t\t\t\n<a href=\"https:\/\/verdello.be\/verkaufsstellen\/\" class=\"button white is-outline box-shadow-3 box-shadow-2-hover lowercase\" >\n\t<i class=\"icon-envelop\" aria-hidden=\"true\"><\/i>\t<span>Utilisez notre formulaire de contact \u00e0 l'avance pour acheter vos peintures<\/span>\n\t<\/a>\n\n\t\t<\/div>\n\t\t\t\t\t<\/div>\n\n\t\n<\/div>\n<\/div><\/div><\/div>\n","protected":false},"excerpt":{"rendered":"","protected":false},"author":1,"featured_media":0,"parent":0,"menu_order":0,"comment_status":"closed","ping_status":"closed","template":"","meta":{"_monsterinsights_skip_tracking":false,"_monsterinsights_sitenote_active":false,"_monsterinsights_sitenote_note":"","_monsterinsights_sitenote_category":0,"footnotes":""},"class_list":["post-897","page","type-page","status-publish","hentry"],"aioseo_notices":[],"_links":{"self":[{"href":"https:\/\/verdello.be\/fr\/wp-json\/wp\/v2\/pages\/897"}],"collection":[{"href":"https:\/\/verdello.be\/fr\/wp-json\/wp\/v2\/pages"}],"about":[{"href":"https:\/\/verdello.be\/fr\/wp-json\/wp\/v2\/types\/page"}],"author":[{"embeddable":true,"href":"https:\/\/verdello.be\/fr\/wp-json\/wp\/v2\/users\/1"}],"replies":[{"embeddable":true,"href":"https:\/\/verdello.be\/fr\/wp-json\/wp\/v2\/comments?post=897"}],"version-history":[{"count":4,"href":"https:\/\/verdello.be\/fr\/wp-json\/wp\/v2\/pages\/897\/revisions"}],"predecessor-version":[{"id":1269,"href":"https:\/\/verdello.be\/fr\/wp-json\/wp\/v2\/pages\/897\/revisions\/1269"}],"wp:attachment":[{"href":"https:\/\/verdello.be\/fr\/wp-json\/wp\/v2\/media?parent=897"}],"curies":[{"name":"wp","href":"https:\/\/api.w.org\/{rel}","templated":true}]}}