{"id":895,"date":"2019-03-22T08:40:28","date_gmt":"2019-03-22T08:40:28","guid":{"rendered":"https:\/\/verdello.be\/?page_id=895"},"modified":"2020-01-23T14:13:44","modified_gmt":"2020-01-23T14:13:44","slug":"references","status":"publish","type":"page","link":"https:\/\/verdello.be\/fr\/references\/","title":{"rendered":"R\u00e9f\u00e9rences"},"content":{"rendered":"<div class=\"row\"  id=\"row-1837085058\">\n\n\t<div id=\"col-1017249830\" class=\"col small-12 large-12\"  >\n\t\t\t\t<div class=\"col-inner\"  >\n\t\t\t\n\t\t\t\n<h3 style=\"text-align: left;\">Les peintures murales Verdello 100% bio et \u00e9cologiques sont non seulement respectueuses de l&rsquo;environnement et assurent ainsi la durabilit\u00e9, mais contribuent surtout \u00e0 un climat int\u00e9rieur sain et confortable.<\/h3>\n<h3 style=\"text-align: left;\">De plus, le Verdello est absolument inoffensif pour la sant\u00e9 et est \u00e9galement tr\u00e8s bien tol\u00e9r\u00e9 par de nombreuses incompatibilit\u00e9s chimiques et convient g\u00e9n\u00e9ralement aux personnes allergiques. Vous pouvez donner libre cours \u00e0 votre cr\u00e9ativit\u00e9 lors de l\u2019am\u00e9nagement d&rsquo;int\u00e9rieur.<\/h3>\n\t\t<\/div>\n\t\t\t\t\t<\/div>\n\n\t\n<\/div>\n<div class=\"row\"  id=\"row-1200358842\">\n\n\t<div id=\"col-1261201539\" class=\"col medium-3 small-12 large-3\"  >\n\t\t\t\t<div class=\"col-inner\"  >\n\t\t\t\n\t\t\t\n<h2 style=\"text-align: center;\"><span class=\"tlid-translation translation\" lang=\"fr\"><span class=\"\" title=\"\">H\u00f4pitaux<\/span><\/span><\/h2>\n\t\t<\/div>\n\t\t\t\t\t<\/div>\n\n\t\n\n\t<div id=\"col-342235541\" class=\"col medium-4 small-6 large-4\"  >\n\t\t\t\t<div class=\"col-inner\"  >\n\t\t\t\n\t\t\t\n\t<div class=\"img has-hover x md-x lg-x y md-y lg-y\" id=\"image_1779675615\">\n\t\t\t\t\t\t\t\t<div class=\"img-inner dark\" >\n\t\t\t<img loading=\"lazy\" decoding=\"async\" width=\"1020\" height=\"765\" src=\"https:\/\/verdello.be\/wp-content\/uploads\/2019\/03\/verdello-referenz-krankenhaus-1024x768.jpg\" class=\"attachment-large size-large\" alt=\"\" srcset=\"https:\/\/verdello.be\/wp-content\/uploads\/2019\/03\/verdello-referenz-krankenhaus.jpg 1024w, https:\/\/verdello.be\/wp-content\/uploads\/2019\/03\/verdello-referenz-krankenhaus-510x383.jpg 510w, https:\/\/verdello.be\/wp-content\/uploads\/2019\/03\/verdello-referenz-krankenhaus-300x225.jpg 300w, https:\/\/verdello.be\/wp-content\/uploads\/2019\/03\/verdello-referenz-krankenhaus-768x576.jpg 768w\" sizes=\"(max-width: 1020px) 100vw, 1020px\" \/>\t\t\t\t\t\t\n\t\t\t\t\t<\/div>\n\t\t\t\t\t\t\t\t\n<style>\n#image_1779675615 {\n  width: 100%;\n}\n<\/style>\n\t<\/div>\n\t\n\t\t<\/div>\n\t\t\t\t\t<\/div>\n\n\t\n\n\t<div id=\"col-1455000920\" class=\"col medium-4 small-6 large-4\"  >\n\t\t\t\t<div class=\"col-inner\"  >\n\t\t\t\n\t\t\t\n\t<div class=\"img has-hover x md-x lg-x y md-y lg-y\" id=\"image_1900266504\">\n\t\t\t\t\t\t\t\t<div class=\"img-inner dark\" >\n\t\t\t<img loading=\"lazy\" decoding=\"async\" width=\"1020\" height=\"765\" src=\"https:\/\/verdello.be\/wp-content\/uploads\/2019\/03\/verdello-referenz-krankenhaus2-1024x768.jpg\" class=\"attachment-large size-large\" alt=\"\" srcset=\"https:\/\/verdello.be\/wp-content\/uploads\/2019\/03\/verdello-referenz-krankenhaus2.jpg 1024w, https:\/\/verdello.be\/wp-content\/uploads\/2019\/03\/verdello-referenz-krankenhaus2-510x383.jpg 510w, https:\/\/verdello.be\/wp-content\/uploads\/2019\/03\/verdello-referenz-krankenhaus2-300x225.jpg 300w, https:\/\/verdello.be\/wp-content\/uploads\/2019\/03\/verdello-referenz-krankenhaus2-768x576.jpg 768w\" sizes=\"(max-width: 1020px) 100vw, 1020px\" \/>\t\t\t\t\t\t\n\t\t\t\t\t<\/div>\n\t\t\t\t\t\t\t\t\n<style>\n#image_1900266504 {\n  width: 100%;\n}\n<\/style>\n\t<\/div>\n\t\n\t\t<\/div>\n\t\t\t\t\t<\/div>\n\n\t\n<\/div>\n<div class=\"is-divider divider clearfix\" style=\"margin-top:2.7em;margin-bottom:2.7em;max-width:1000px;height:1px;\"><\/div>\n<div class=\"row\"  id=\"row-2019467683\">\n\n\t<div id=\"col-820968910\" class=\"col medium-3 small-12 large-3\"  >\n\t\t\t\t<div class=\"col-inner\"  >\n\t\t\t\n\t\t\t\n<h2 style=\"text-align: center;\">\u00c9coles<\/h2>\n\t\t<\/div>\n\t\t\t\t\t<\/div>\n\n\t\n\n\t<div id=\"col-1517651316\" class=\"col medium-4 small-6 large-4\"  >\n\t\t\t\t<div class=\"col-inner\"  >\n\t\t\t\n\t\t\t\n\t<div class=\"img has-hover x md-x lg-x y md-y lg-y\" id=\"image_697484851\">\n\t\t\t\t\t\t\t\t<div class=\"img-inner dark\" >\n\t\t\t<img loading=\"lazy\" decoding=\"async\" width=\"1020\" height=\"765\" src=\"https:\/\/verdello.be\/wp-content\/uploads\/2019\/03\/verdello-referenz-schulklasse-1024x768.jpg\" class=\"attachment-large size-large\" alt=\"\" srcset=\"https:\/\/verdello.be\/wp-content\/uploads\/2019\/03\/verdello-referenz-schulklasse.jpg 1024w, https:\/\/verdello.be\/wp-content\/uploads\/2019\/03\/verdello-referenz-schulklasse-510x383.jpg 510w, https:\/\/verdello.be\/wp-content\/uploads\/2019\/03\/verdello-referenz-schulklasse-300x225.jpg 300w, https:\/\/verdello.be\/wp-content\/uploads\/2019\/03\/verdello-referenz-schulklasse-768x576.jpg 768w\" sizes=\"(max-width: 1020px) 100vw, 1020px\" \/>\t\t\t\t\t\t\n\t\t\t\t\t<\/div>\n\t\t\t\t\t\t\t\t\n<style>\n#image_697484851 {\n  width: 100%;\n}\n<\/style>\n\t<\/div>\n\t\n\t\t<\/div>\n\t\t\t\t\t<\/div>\n\n\t\n\n\t<div id=\"col-337936326\" class=\"col medium-4 small-6 large-4\"  >\n\t\t\t\t<div class=\"col-inner\"  >\n\t\t\t\n\t\t\t\n\t<div class=\"img has-hover x md-x lg-x y md-y lg-y\" id=\"image_2126524826\">\n\t\t\t\t\t\t\t\t<div class=\"img-inner dark\" >\n\t\t\t<img loading=\"lazy\" decoding=\"async\" width=\"1020\" height=\"765\" src=\"https:\/\/verdello.be\/wp-content\/uploads\/2019\/03\/verdello-referenz-kindergarten-1024x768.jpg\" class=\"attachment-large size-large\" alt=\"\" srcset=\"https:\/\/verdello.be\/wp-content\/uploads\/2019\/03\/verdello-referenz-kindergarten.jpg 1024w, https:\/\/verdello.be\/wp-content\/uploads\/2019\/03\/verdello-referenz-kindergarten-510x383.jpg 510w, https:\/\/verdello.be\/wp-content\/uploads\/2019\/03\/verdello-referenz-kindergarten-300x225.jpg 300w, https:\/\/verdello.be\/wp-content\/uploads\/2019\/03\/verdello-referenz-kindergarten-768x576.jpg 768w\" sizes=\"(max-width: 1020px) 100vw, 1020px\" \/>\t\t\t\t\t\t\n\t\t\t\t\t<\/div>\n\t\t\t\t\t\t\t\t\n<style>\n#image_2126524826 {\n  width: 100%;\n}\n<\/style>\n\t<\/div>\n\t\n\t\t<\/div>\n\t\t\t\t\t<\/div>\n\n\t\n<\/div>\n<div class=\"is-divider divider clearfix\" style=\"margin-top:2.7em;margin-bottom:2.7em;max-width:1000px;height:1px;\"><\/div>\n<div class=\"row\"  id=\"row-1079458498\">\n\n\t<div id=\"col-494017403\" class=\"col medium-3 small-12 large-3\"  >\n\t\t\t\t<div class=\"col-inner\"  >\n\t\t\t\n\t\t\t\n<h2 style=\"text-align: center;\"><span class=\"tlid-translation translation\" lang=\"fr\"><span class=\"\" title=\"\">B\u00e2timents publics<\/span><\/span><\/h2>\n\t\t<\/div>\n\t\t\t\t\t<\/div>\n\n\t\n\n\t<div id=\"col-1704420510\" class=\"col medium-4 small-6 large-4\"  >\n\t\t\t\t<div class=\"col-inner\"  >\n\t\t\t\n\t\t\t\n\t<div class=\"img has-hover x md-x lg-x y md-y lg-y\" id=\"image_1232084153\">\n\t\t\t\t\t\t\t\t<div class=\"img-inner dark\" >\n\t\t\t<img loading=\"lazy\" decoding=\"async\" width=\"1020\" height=\"765\" src=\"https:\/\/verdello.be\/wp-content\/uploads\/2019\/03\/verdello-referenz-empfang-1024x768.jpg\" class=\"attachment-large size-large\" alt=\"\" srcset=\"https:\/\/verdello.be\/wp-content\/uploads\/2019\/03\/verdello-referenz-empfang.jpg 1024w, https:\/\/verdello.be\/wp-content\/uploads\/2019\/03\/verdello-referenz-empfang-510x383.jpg 510w, https:\/\/verdello.be\/wp-content\/uploads\/2019\/03\/verdello-referenz-empfang-300x225.jpg 300w, https:\/\/verdello.be\/wp-content\/uploads\/2019\/03\/verdello-referenz-empfang-768x576.jpg 768w\" sizes=\"(max-width: 1020px) 100vw, 1020px\" \/>\t\t\t\t\t\t\n\t\t\t\t\t<\/div>\n\t\t\t\t\t\t\t\t\n<style>\n#image_1232084153 {\n  width: 100%;\n}\n<\/style>\n\t<\/div>\n\t\n\t\t<\/div>\n\t\t\t\t\t<\/div>\n\n\t\n\n\t<div id=\"col-756799893\" class=\"col medium-4 small-6 large-4\"  >\n\t\t\t\t<div class=\"col-inner\"  >\n\t\t\t\n\t\t\t\n\t<div class=\"img has-hover x md-x lg-x y md-y lg-y\" id=\"image_1375252978\">\n\t\t\t\t\t\t\t\t<div class=\"img-inner dark\" >\n\t\t\t<img loading=\"lazy\" decoding=\"async\" width=\"1020\" height=\"765\" src=\"https:\/\/verdello.be\/wp-content\/uploads\/2019\/03\/verdello-referenz-empfang2-1024x768.jpg\" class=\"attachment-large size-large\" alt=\"\" srcset=\"https:\/\/verdello.be\/wp-content\/uploads\/2019\/03\/verdello-referenz-empfang2.jpg 1024w, https:\/\/verdello.be\/wp-content\/uploads\/2019\/03\/verdello-referenz-empfang2-510x383.jpg 510w, https:\/\/verdello.be\/wp-content\/uploads\/2019\/03\/verdello-referenz-empfang2-300x225.jpg 300w, https:\/\/verdello.be\/wp-content\/uploads\/2019\/03\/verdello-referenz-empfang2-768x576.jpg 768w\" sizes=\"(max-width: 1020px) 100vw, 1020px\" \/>\t\t\t\t\t\t\n\t\t\t\t\t<\/div>\n\t\t\t\t\t\t\t\t\n<style>\n#image_1375252978 {\n  width: 100%;\n}\n<\/style>\n\t<\/div>\n\t\n\t\t<\/div>\n\t\t\t\t\t<\/div>\n\n\t\n<\/div>\n<div class=\"is-divider divider clearfix\" style=\"margin-top:2.7em;margin-bottom:2.7em;max-width:1000px;height:1px;\"><\/div>\n<div class=\"row\"  id=\"row-298684284\">\n\n\t<div id=\"col-1422057634\" class=\"col medium-3 small-12 large-3\"  >\n\t\t\t\t<div class=\"col-inner\"  >\n\t\t\t\n\t\t\t\n<h2 style=\"text-align: center;\">Priv\u00e9<\/h2>\n\t\t<\/div>\n\t\t\t\t\t<\/div>\n\n\t\n\n\t<div id=\"col-1923752619\" class=\"col medium-4 small-6 large-4\"  >\n\t\t\t\t<div class=\"col-inner\"  >\n\t\t\t\n\t\t\t\n\t<div class=\"img has-hover x md-x lg-x y md-y lg-y\" id=\"image_1034401203\">\n\t\t\t\t\t\t\t\t<div class=\"img-inner dark\" >\n\t\t\t<img loading=\"lazy\" decoding=\"async\" width=\"1020\" height=\"765\" src=\"https:\/\/verdello.be\/wp-content\/uploads\/2019\/03\/verdello-referenz-wohnzimmer-1024x768.jpg\" class=\"attachment-large size-large\" alt=\"\" srcset=\"https:\/\/verdello.be\/wp-content\/uploads\/2019\/03\/verdello-referenz-wohnzimmer.jpg 1024w, https:\/\/verdello.be\/wp-content\/uploads\/2019\/03\/verdello-referenz-wohnzimmer-510x383.jpg 510w, https:\/\/verdello.be\/wp-content\/uploads\/2019\/03\/verdello-referenz-wohnzimmer-300x225.jpg 300w, https:\/\/verdello.be\/wp-content\/uploads\/2019\/03\/verdello-referenz-wohnzimmer-768x576.jpg 768w\" sizes=\"(max-width: 1020px) 100vw, 1020px\" \/>\t\t\t\t\t\t\n\t\t\t\t\t<\/div>\n\t\t\t\t\t\t\t\t\n<style>\n#image_1034401203 {\n  width: 100%;\n}\n<\/style>\n\t<\/div>\n\t\n\t\t<\/div>\n\t\t\t\t\t<\/div>\n\n\t\n\n\t<div id=\"col-530644876\" class=\"col medium-4 small-6 large-4\"  >\n\t\t\t\t<div class=\"col-inner\"  >\n\t\t\t\n\t\t\t\n\t<div class=\"img has-hover x md-x lg-x y md-y lg-y\" id=\"image_1414358837\">\n\t\t\t\t\t\t\t\t<div class=\"img-inner dark\" >\n\t\t\t<img loading=\"lazy\" decoding=\"async\" width=\"1020\" height=\"765\" src=\"https:\/\/verdello.be\/wp-content\/uploads\/2019\/03\/verdello-referenz-wohnzimmer2-1024x768.jpg\" class=\"attachment-large size-large\" alt=\"\" srcset=\"https:\/\/verdello.be\/wp-content\/uploads\/2019\/03\/verdello-referenz-wohnzimmer2.jpg 1024w, https:\/\/verdello.be\/wp-content\/uploads\/2019\/03\/verdello-referenz-wohnzimmer2-510x383.jpg 510w, https:\/\/verdello.be\/wp-content\/uploads\/2019\/03\/verdello-referenz-wohnzimmer2-300x225.jpg 300w, https:\/\/verdello.be\/wp-content\/uploads\/2019\/03\/verdello-referenz-wohnzimmer2-768x576.jpg 768w\" sizes=\"(max-width: 1020px) 100vw, 1020px\" \/>\t\t\t\t\t\t\n\t\t\t\t\t<\/div>\n\t\t\t\t\t\t\t\t\n<style>\n#image_1414358837 {\n  width: 100%;\n}\n<\/style>\n\t<\/div>\n\t\n\t\t<\/div>\n\t\t\t\t\t<\/div>\n\n\t\n<\/div>\n","protected":false},"excerpt":{"rendered":"","protected":false},"author":1,"featured_media":0,"parent":0,"menu_order":0,"comment_status":"closed","ping_status":"closed","template":"","meta":{"_monsterinsights_skip_tracking":false,"_monsterinsights_sitenote_active":false,"_monsterinsights_sitenote_note":"","_monsterinsights_sitenote_category":0,"footnotes":""},"class_list":["post-895","page","type-page","status-publish","hentry"],"aioseo_notices":[],"_links":{"self":[{"href":"https:\/\/verdello.be\/fr\/wp-json\/wp\/v2\/pages\/895"}],"collection":[{"href":"https:\/\/verdello.be\/fr\/wp-json\/wp\/v2\/pages"}],"about":[{"href":"https:\/\/verdello.be\/fr\/wp-json\/wp\/v2\/types\/page"}],"author":[{"embeddable":true,"href":"https:\/\/verdello.be\/fr\/wp-json\/wp\/v2\/users\/1"}],"replies":[{"embeddable":true,"href":"https:\/\/verdello.be\/fr\/wp-json\/wp\/v2\/comments?post=895"}],"version-history":[{"count":7,"href":"https:\/\/verdello.be\/fr\/wp-json\/wp\/v2\/pages\/895\/revisions"}],"predecessor-version":[{"id":1276,"href":"https:\/\/verdello.be\/fr\/wp-json\/wp\/v2\/pages\/895\/revisions\/1276"}],"wp:attachment":[{"href":"https:\/\/verdello.be\/fr\/wp-json\/wp\/v2\/media?parent=895"}],"curies":[{"name":"wp","href":"https:\/\/api.w.org\/{rel}","templated":true}]}}